{"id":911,"date":"2012-07-24T19:16:04","date_gmt":"2012-07-24T16:16:04","guid":{"rendered":"http:\/\/www.ekek.ee\/?page_id=911"},"modified":"2012-07-24T19:16:04","modified_gmt":"2012-07-24T16:16:04","slug":"suvelaager-2012","status":"publish","type":"page","link":"https:\/\/www.ekek.ee\/?page_id=911","title":{"rendered":"Suvelaager 2012"},"content":{"rendered":"<p style=\"text-align: center;\"><img decoding=\"async\" src=\"http:\/\/www.ekek.ee\/pildid\/laager2012\/DSCN7269.JPG\" alt=\"Altar\" \/><br \/>\nAltar<\/p>\n<p style=\"text-align: center;\"><img decoding=\"async\" src=\"http:\/\/www.ekek.ee\/pildid\/laager2012\/DSCN7277.JPG\" alt=\"Ja Messi l\u00f6\u00f6b peale!\" \/><br \/>\nJa Messi l\u00f6\u00f6b peale!<\/p>\n<p style=\"text-align: center;\"><img decoding=\"async\" src=\"http:\/\/www.ekek.ee\/pildid\/laager2012\/DSCN7289.JPG\" alt=\"L\u00e4ki kuulama, mida isa Thomas r\u00e4\u00e4gib!\" \/><br \/>\nL\u00e4ki kuulama, mida isa Thomas r\u00e4\u00e4gib!<\/p>\n<p style=\"text-align: center;\"><img decoding=\"async\" src=\"http:\/\/www.ekek.ee\/pildid\/laager2012\/DSCN7293.JPG\" alt=\"Isa Thomas r\u00e4\u00e4gib liturgiast\" \/><br \/>\nIsa Thomas r\u00e4\u00e4gib liturgiast<\/p>\n<p style=\"text-align: center;\"><img decoding=\"async\" src=\"http:\/\/www.ekek.ee\/pildid\/laager2012\/DSCN7294.JPG\" alt=\"...ja rahvas kuulab huviga\" \/><br \/>\n&#8230;ja rahvas kuulab huviga<\/p>\n<p style=\"text-align: center;\"><img decoding=\"async\" src=\"http:\/\/www.ekek.ee\/pildid\/laager2012\/DSCN7296.JPG\" alt=\"Kohalik Secret Garden\" \/><br \/>\nKohalik Secret Garden<\/p>\n<p style=\"text-align: center;\"><img decoding=\"async\" src=\"http:\/\/www.ekek.ee\/pildid\/laager2012\/DSCN7309.JPG\" alt=\"Aga mida Sina arvad?\" \/><br \/>\nAga mida Sina arvad?<\/p>\n<p style=\"text-align: center;\"><img decoding=\"async\" src=\"http:\/\/www.ekek.ee\/pildid\/laager2012\/DSCN7315.JPG\" alt=\"Vend Johannes, laia profiiliga spetsialist\" \/><br \/>\nVend Johannes, laia profiiliga spetsialist<\/p>\n<p style=\"text-align: center;\"><img decoding=\"async\" src=\"http:\/\/www.ekek.ee\/pildid\/laager2012\/DSCN7342.JPG\" alt=\"Killuke Ameerikat\" \/><br \/>\nKilluke Ameerikat<\/p>\n<p style=\"text-align: center;\"><img decoding=\"async\" src=\"http:\/\/www.ekek.ee\/pildid\/laager2012\/DSCN7373.JPG\" alt=\"T\u00fcdrukute jutud\" \/><br \/>\nT\u00fcdrukute jutud<\/p>\n<p style=\"text-align: center;\"><img decoding=\"async\" src=\"http:\/\/www.ekek.ee\/pildid\/laager2012\/DSCN7374.JPG\" alt=\"M\u00f5nel on nii pikk jutt, et j\u00e4\u00e4b s\u00f6\u00f6mata\" \/><br \/>\nM\u00f5nel on nii pikk jutt, et j\u00e4\u00e4b s\u00f6\u00f6mata<\/p>\n<p style=\"text-align: center;\"><img decoding=\"async\" src=\"http:\/\/www.ekek.ee\/pildid\/laager2012\/DSCN7378.JPG\" alt=\"\u00d5htuj\u00e4mm koos Rapla k\u00fclalistega\" \/><br \/>\n\u00d5htuj\u00e4mm koos Rapla k\u00fclalistega<\/p>\n<p style=\"text-align: center;\"><img decoding=\"async\" src=\"http:\/\/www.ekek.ee\/pildid\/laager2012\/DSCN7394.JPG\" alt=\"Perenaine tuleb!\" \/><br \/>\nPerenaine tuleb!<\/p>\n<p style=\"text-align: center;\"><img decoding=\"async\" src=\"http:\/\/www.ekek.ee\/pildid\/laager2012\/DSCN7400.JPG\" alt=\"Kas aitab v\u00f5i panen veel?\" \/><br \/>\nKas aitab v\u00f5i panen veel?<\/p>\n<p style=\"text-align: center;\"><img decoding=\"async\" src=\"http:\/\/www.ekek.ee\/pildid\/laager2012\/DSCN7404.JPG\" alt=\"Leia pildilt Juhan!\" \/><br \/>\nLeia pildilt Juhan!<\/p>\n<p style=\"text-align: center;\"><img decoding=\"async\" src=\"http:\/\/www.ekek.ee\/pildid\/laager2012\/DSCN7410.JPG\" alt=\"Missal\" \/><br \/>\nMissal<\/p>\n<p style=\"text-align: center;\"><img decoding=\"async\" src=\"http:\/\/www.ekek.ee\/pildid\/laager2012\/DSCN7412.JPG\" alt=\"Vennad on meil suured mehed\" \/><br \/>\nVennad on meil suured mehed<\/p>\n<p>Pildid: Andreas<br \/>\nTekstid: Kakk<\/p>\n","protected":false},"excerpt":{"rendered":"<p>Altar Ja Messi l\u00f6\u00f6b peale! L\u00e4ki kuulama, mida isa Thomas r\u00e4\u00e4gib! Isa Thomas r\u00e4\u00e4gib liturgiast &#8230;ja rahvas kuulab huviga Kohalik Secret Garden Aga mida Sina arvad? Vend Johannes, laia profiiliga spetsialist Killuke Ameerikat T\u00fcdrukute jutud M\u00f5nel on nii pikk jutt, et j\u00e4\u00e4b s\u00f6\u00f6mata \u00d5htuj\u00e4mm koos Rapla k\u00fclalistega Perenaine tuleb! Kas aitab v\u00f5i panen veel? Leia &hellip; <a href=\"https:\/\/www.ekek.ee\/?page_id=911\" class=\"more-link\">Loe edasi<span class=\"screen-reader-text\"> &#8220;Suvelaager 2012&#8221;<\/span><\/a><\/p>\n","protected":false},"author":9,"featured_media":0,"parent":10,"menu_order":0,"comment_status":"open","ping_status":"open","template":"","meta":{"footnotes":""},"class_list":["post-911","page","type-page","status-publish","hentry"],"_links":{"self":[{"href":"https:\/\/www.ekek.ee\/index.php?rest_route=\/wp\/v2\/pages\/911","targetHints":{"allow":["GET"]}}],"collection":[{"href":"https:\/\/www.ekek.ee\/index.php?rest_route=\/wp\/v2\/pages"}],"about":[{"href":"https:\/\/www.ekek.ee\/index.php?rest_route=\/wp\/v2\/types\/page"}],"author":[{"embeddable":true,"href":"https:\/\/www.ekek.ee\/index.php?rest_route=\/wp\/v2\/users\/9"}],"replies":[{"embeddable":true,"href":"https:\/\/www.ekek.ee\/index.php?rest_route=%2Fwp%2Fv2%2Fcomments&post=911"}],"version-history":[{"count":1,"href":"https:\/\/www.ekek.ee\/index.php?rest_route=\/wp\/v2\/pages\/911\/revisions"}],"predecessor-version":[{"id":912,"href":"https:\/\/www.ekek.ee\/index.php?rest_route=\/wp\/v2\/pages\/911\/revisions\/912"}],"up":[{"embeddable":true,"href":"https:\/\/www.ekek.ee\/index.php?rest_route=\/wp\/v2\/pages\/10"}],"wp:attachment":[{"href":"https:\/\/www.ekek.ee\/index.php?rest_route=%2Fwp%2Fv2%2Fmedia&parent=911"}],"curies":[{"name":"wp","href":"https:\/\/api.w.org\/{rel}","templated":true}]}}