{"id":535,"date":"2009-07-13T17:01:30","date_gmt":"2009-07-13T15:01:30","guid":{"rendered":"http:\/\/www.ekek.ee\/?page_id=535"},"modified":"2012-07-18T22:00:31","modified_gmt":"2012-07-18T19:00:31","slug":"suvelaager-2009","status":"publish","type":"page","link":"https:\/\/www.ekek.ee\/?page_id=535","title":{"rendered":"Suvelaager 2009"},"content":{"rendered":"<p>&nbsp;<\/p>\n<p style=\"text-align: center;\"><img loading=\"lazy\" decoding=\"async\" title=\"suvelaager 2009\" src=\"http:\/\/www.ekek.ee\/pildid\/laager2009\/suvelaager2009v_k.jpg\" alt=\"suvelaager 2009\" width=\"400\" height=\"300\" \/><\/p>\n<p style=\"text-align: center;\">Seekord me seda nii k\u00f5vasti ei keeruta&#8230;<\/p>\n<p>&nbsp;<\/p>\n<p style=\"text-align: center;\"><img loading=\"lazy\" decoding=\"async\" title=\"suvelaager 2009\" src=\"http:\/\/www.ekek.ee\/pildid\/laager2009\/suvelaager2009v_s.jpg\" alt=\"suvelaager 2009\" width=\"400\" height=\"300\" \/><\/p>\n<p style=\"text-align: center;\">M\u00f5tlik<\/p>\n<p style=\"text-align: center;\"><img loading=\"lazy\" decoding=\"async\" title=\"suvelaager 2009\" src=\"http:\/\/www.ekek.ee\/pildid\/laager2009\/suvelaager2009v_ss.jpg\" alt=\"suvelaager 2009\" width=\"400\" height=\"300\" \/><\/p>\n<p style=\"text-align: center;\">Kakk v\u00e4\u00e4nab pilli<\/p>\n<p style=\"text-align: center;\"><img loading=\"lazy\" decoding=\"async\" title=\"suvelaager 2009\" src=\"http:\/\/www.ekek.ee\/pildid\/laager2009\/suvelaager2009v_sss.jpg\" alt=\"suvelaager 2009\" width=\"400\" height=\"300\" \/><\/p>\n<p style=\"text-align: center;\">\u00dclle ja Juhan &#8211; laagri kohustuslik komponent<\/p>\n<p style=\"text-align: center;\"><img loading=\"lazy\" decoding=\"async\" title=\"suvelaager 2009\" src=\"http:\/\/www.ekek.ee\/pildid\/laager2009\/suvelaager2009v_t.jpg\" alt=\"suvelaager 2009\" width=\"400\" height=\"300\" \/><\/p>\n<p style=\"text-align: center;\">Kohalik Johnny Cash<\/p>\n<p style=\"text-align: center;\"><img loading=\"lazy\" decoding=\"async\" title=\"suvelaager 2009\" src=\"http:\/\/www.ekek.ee\/pildid\/laager2009\/suvelaager2009v_u.jpg\" alt=\"suvelaager 2009\" width=\"400\" height=\"300\" \/><\/p>\n<p style=\"text-align: center;\">&#8220;Kas on linnukesel muret&#8230;&#8221;<\/p>\n<p>&nbsp;<\/p>\n<p style=\"text-align: center;\"><img loading=\"lazy\" decoding=\"async\" title=\"suvelaager 2009\" src=\"http:\/\/www.ekek.ee\/pildid\/laager2009\/suvelaager2009v_w.jpg\" alt=\"suvelaager 2009\" width=\"400\" height=\"300\" \/><\/p>\n<p style=\"text-align: center;\">&#8220;Kohv v\u00e4? Tahan kaa!!&#8221;<\/p>\n<p style=\"text-align: center;\"><img loading=\"lazy\" decoding=\"async\" title=\"suvelaager 2009\" src=\"http:\/\/www.ekek.ee\/pildid\/laager2009\/suvelaager2009v_x.jpg\" alt=\"suvelaager 2009\" width=\"400\" height=\"300\" \/><\/p>\n<p style=\"text-align: center;\">K\u00f5rge positsioon<\/p>\n<p style=\"text-align: center;\"><img loading=\"lazy\" decoding=\"async\" title=\"suvelaager 2009\" src=\"http:\/\/www.ekek.ee\/pildid\/laager2009\/suvelaager2009v_xx.jpg\" alt=\"suvelaager 2009\" width=\"400\" height=\"300\" \/><\/p>\n<p style=\"text-align: center;\">Seebitud vildid&#8230; ei, vilditud seebid ikka<\/p>\n<p style=\"text-align: center;\"><img loading=\"lazy\" decoding=\"async\" title=\"suvelaager 2009\" src=\"http:\/\/www.ekek.ee\/pildid\/laager2009\/suvelaager2009v_y.jpg\" alt=\"suvelaager 2009\" width=\"400\" height=\"300\" \/><\/p>\n<p style=\"text-align: center;\">Pikk viskab!<\/p>\n<p style=\"text-align: center;\">\n","protected":false},"excerpt":{"rendered":"<p>&nbsp; Seekord me seda nii k\u00f5vasti ei keeruta&#8230; &nbsp; M\u00f5tlik Kakk v\u00e4\u00e4nab pilli \u00dclle ja Juhan &#8211; laagri kohustuslik komponent Kohalik Johnny Cash &#8220;Kas on linnukesel muret&#8230;&#8221; &nbsp; &#8220;Kohv v\u00e4? Tahan kaa!!&#8221; K\u00f5rge positsioon Seebitud vildid&#8230; ei, vilditud seebid ikka Pikk viskab!<\/p>\n","protected":false},"author":3,"featured_media":0,"parent":10,"menu_order":0,"comment_status":"open","ping_status":"open","template":"","meta":{"footnotes":""},"class_list":["post-535","page","type-page","status-publish","hentry"],"_links":{"self":[{"href":"https:\/\/www.ekek.ee\/index.php?rest_route=\/wp\/v2\/pages\/535","targetHints":{"allow":["GET"]}}],"collection":[{"href":"https:\/\/www.ekek.ee\/index.php?rest_route=\/wp\/v2\/pages"}],"about":[{"href":"https:\/\/www.ekek.ee\/index.php?rest_route=\/wp\/v2\/types\/page"}],"author":[{"embeddable":true,"href":"https:\/\/www.ekek.ee\/index.php?rest_route=\/wp\/v2\/users\/3"}],"replies":[{"embeddable":true,"href":"https:\/\/www.ekek.ee\/index.php?rest_route=%2Fwp%2Fv2%2Fcomments&post=535"}],"version-history":[{"count":4,"href":"https:\/\/www.ekek.ee\/index.php?rest_route=\/wp\/v2\/pages\/535\/revisions"}],"predecessor-version":[{"id":826,"href":"https:\/\/www.ekek.ee\/index.php?rest_route=\/wp\/v2\/pages\/535\/revisions\/826"}],"up":[{"embeddable":true,"href":"https:\/\/www.ekek.ee\/index.php?rest_route=\/wp\/v2\/pages\/10"}],"wp:attachment":[{"href":"https:\/\/www.ekek.ee\/index.php?rest_route=%2Fwp%2Fv2%2Fmedia&parent=535"}],"curies":[{"name":"wp","href":"https:\/\/api.w.org\/{rel}","templated":true}]}}