{"id":3,"date":"2006-01-13T22:18:28","date_gmt":"2006-01-13T20:18:28","guid":{"rendered":"http:\/\/www.ekek.ee\/?page_id=3"},"modified":"2021-08-08T09:19:46","modified_gmt":"2021-08-08T06:19:46","slug":"kogudused","status":"publish","type":"page","link":"https:\/\/www.ekek.ee\/?page_id=3","title":{"rendered":"<B>KOGUDUSED<\/B>"},"content":{"rendered":"<p><strong>Tallinna P\u00fcha Esim\u00e4rter Stefanose kogudus<\/strong><br \/>\n<em>Jumalateenistus p\u00fchap\u00e4eviti kell 17.00 aadressil Mustam\u00e4e tee 8 (hoovipoolne sissek\u00e4ik, 2. korrus), Tallinn<\/em><br \/>\nVikaar: isa Thomas Eriste<br \/>\nM\u00f5isak\u00fcla, 87224, Halinga vald, P\u00e4rnumaa<br \/>\nGSM 56 611 812, 56 611 813<br \/>\ne-post: <a href=\"mailto:isathomas@ekek.ee\">isathomas@ekek.ee<\/a><br \/>\nkoguduse a\/a EE967700771005285324 LHV Pank<br \/>\nSissep\u00e4\u00e4s asub maja kesklinnapoolses k\u00fcljes sisehoovis, ukse juures on silt kolme koguduse nimedega. Trepist 2. korrusele minnes asub saal otse ees.<\/p>\n<p><strong>P\u00e4rnu P\u00fcha Apostel Barnabase kogudus<br \/>\n<\/strong>Raek\u00fcla Vanakooli Keskus<br \/>\nLembitu 1, P\u00e4rnu 80028<em><br \/>\nJumalateenistus p\u00fchap\u00e4eviti kell 11.00<br \/>\n\u00d5htupalvus neljap\u00e4eviti kell 19.00<\/em><br \/>\nVikaar: isa Thomas Eriste<br \/>\nM\u00f5isak\u00fcla, 87224, Halinga vald, P\u00e4rnumaa<br \/>\nGSM 56 611 812, 56 611 813<br \/>\ne-post: <a href=\"mailto:isathomas@ekek.ee\">isathomas@ekek.ee<\/a><br \/>\nkoguduse a\/a EE437700771005285405 LHV Pank<\/p>\n<p><strong>Tartu P\u00fcha Risti kogudus<\/strong><br \/>\nV\u00f5ru mnt. 18<br \/>\n51010 Tartu<br \/>\nIlmikvikaar: Rutti Proosa<br \/>\nKivila 34 &#8211; 113<br \/>\n13918 Tallinn<br \/>\ntel 6 340 867; GSM 55 642 679<br \/>\ne-post: <a href=\"mailto:ruttiproosa@hot.ee\">ruttiproosa@hot.ee<\/a><\/p>\n","protected":false},"excerpt":{"rendered":"<p>Tallinna P\u00fcha Esim\u00e4rter Stefanose kogudus Jumalateenistus p\u00fchap\u00e4eviti kell 17.00 aadressil Mustam\u00e4e tee 8 (hoovipoolne sissek\u00e4ik, 2. korrus), Tallinn Vikaar: isa Thomas Eriste M\u00f5isak\u00fcla, 87224, Halinga vald, P\u00e4rnumaa GSM 56 611 812, 56 611 813 e-post: isathomas@ekek.ee koguduse a\/a EE967700771005285324 LHV Pank Sissep\u00e4\u00e4s asub maja kesklinnapoolses k\u00fcljes sisehoovis, ukse juures on silt kolme koguduse nimedega. Trepist &hellip; <a href=\"https:\/\/www.ekek.ee\/?page_id=3\" class=\"more-link\">Loe edasi<span class=\"screen-reader-text\"> &#8220;<B>KOGUDUSED<\/B>&#8220;<\/span><\/a><\/p>\n","protected":false},"author":3,"featured_media":0,"parent":0,"menu_order":0,"comment_status":"closed","ping_status":"open","template":"","meta":{"footnotes":""},"class_list":["post-3","page","type-page","status-publish","hentry"],"_links":{"self":[{"href":"https:\/\/www.ekek.ee\/index.php?rest_route=\/wp\/v2\/pages\/3","targetHints":{"allow":["GET"]}}],"collection":[{"href":"https:\/\/www.ekek.ee\/index.php?rest_route=\/wp\/v2\/pages"}],"about":[{"href":"https:\/\/www.ekek.ee\/index.php?rest_route=\/wp\/v2\/types\/page"}],"author":[{"embeddable":true,"href":"https:\/\/www.ekek.ee\/index.php?rest_route=\/wp\/v2\/users\/3"}],"replies":[{"embeddable":true,"href":"https:\/\/www.ekek.ee\/index.php?rest_route=%2Fwp%2Fv2%2Fcomments&post=3"}],"version-history":[{"count":5,"href":"https:\/\/www.ekek.ee\/index.php?rest_route=\/wp\/v2\/pages\/3\/revisions"}],"predecessor-version":[{"id":1583,"href":"https:\/\/www.ekek.ee\/index.php?rest_route=\/wp\/v2\/pages\/3\/revisions\/1583"}],"wp:attachment":[{"href":"https:\/\/www.ekek.ee\/index.php?rest_route=%2Fwp%2Fv2%2Fmedia&parent=3"}],"curies":[{"name":"wp","href":"https:\/\/api.w.org\/{rel}","templated":true}]}}