{"id":284,"date":"2007-08-07T08:58:28","date_gmt":"2007-08-07T06:58:28","guid":{"rendered":"http:\/\/www.ekek.ee\/?page_id=284"},"modified":"2012-07-19T01:10:12","modified_gmt":"2012-07-18T22:10:12","slug":"suvelaager-2007","status":"publish","type":"page","link":"https:\/\/www.ekek.ee\/?page_id=284","title":{"rendered":"Suvelaager 2007"},"content":{"rendered":"<p>&#8230; toimus juba tuttavas kohas Uulu kirikus 3.-5. augustil 2007.<\/p>\n<p>&nbsp;<\/p>\n<p><img loading=\"lazy\" decoding=\"async\" src=\"http:\/\/www.ekek.ee\/pildid\/laager2007\/jeesuseveri.jpg\" alt=\"\" width=\"400\" height=\"300\" \/><\/p>\n<p>&#8220;Jeesus Kristuse veri&#8230;&#8221;<\/p>\n<p><img loading=\"lazy\" decoding=\"async\" title=\"Eneset\u00e4iendamine\" src=\"http:\/\/www.ekek.ee\/pildid\/laager2007\/nammnamm.jpg\" alt=\"Eneset\u00e4iendamine\" width=\"400\" height=\"300\" \/><\/p>\n<p>Lisaks vaimutoidule on aga vaja ka ihutoitu.<br \/>\nNiisiis k\u00e4ib siin k\u00f5va eneset\u00e4iendamine<\/p>\n<p><img loading=\"lazy\" decoding=\"async\" title=\"Kolm n\u00e4lgas musket\u00e4ri\" src=\"http:\/\/www.ekek.ee\/pildid\/laager2007\/musketarid.jpg\" alt=\"Kolm n\u00e4lgas musket\u00e4ri\" width=\"400\" height=\"300\" \/><\/p>\n<p>Kolm n\u00e4ljast musket\u00e4ri: &#8220;Halleluuja, s\u00fc\u00fca saab!&#8221;<\/p>\n<p><img loading=\"lazy\" decoding=\"async\" title=\"Vestlusring \u00f5ue peal\" src=\"http:\/\/www.ekek.ee\/pildid\/laager2007\/vestlusring.jpg\" alt=\"Vestlusring \u00f5ue peal\" width=\"400\" height=\"300\" \/><\/p>\n<p>Vestlusringis<\/p>\n<p><img loading=\"lazy\" decoding=\"async\" title=\"Muusikud isekeskis\" src=\"http:\/\/www.ekek.ee\/pildid\/laager2007\/muusikud.jpg\" alt=\"Muusikud isekeskis\" width=\"400\" height=\"300\" \/><\/p>\n<p>Muusikud isekeskis: Kaija ja Juhan<\/p>\n<p>&nbsp;<\/p>\n<p><img decoding=\"async\" title=\"Blues Brothers Uulu moodi\" src=\"http:\/\/www.ekek.ee\/pildid\/laager2007\/musamehed.jpg\" alt=\"Blues Brothers Uulu moodi\" \/><\/p>\n<p>Blues Brothers Uulu moodi<\/p>\n<p><img loading=\"lazy\" decoding=\"async\" title=\"K\u00fclaline muistsest Jaapanist\" src=\"http:\/\/www.ekek.ee\/pildid\/laager2007\/kurivana.jpg\" alt=\"K\u00fclaline muistsest Jaapanist\" width=\"400\" height=\"300\" \/><\/p>\n<p>K\u00fclaline muistsest Jaapanist<\/p>\n<p><img loading=\"lazy\" decoding=\"async\" title=\"Wingeid meha P\u00e4rnu linnast\" src=\"http:\/\/www.ekek.ee\/pildid\/laager2007\/wingedmehed.jpg\" alt=\"Wingeid meha P\u00e4rnu linnast\" width=\"400\" height=\"300\" \/><\/p>\n<p>Wingeid meha P\u00e4rnu linnast<\/p>\n<p><img loading=\"lazy\" decoding=\"async\" title=\"P\u00e4rnakaid tuli veelgi juurde\" src=\"http:\/\/www.ekek.ee\/pildid\/laager2007\/parnakad.jpg\" alt=\"P\u00e4rnakaid tuli veelgi juurde\" width=\"400\" height=\"300\" \/><\/p>\n<p>P\u00e4rnakaid tuli veelgi juurde<\/p>\n<p><img loading=\"lazy\" decoding=\"async\" title=\"No mis laager see ilma Juhani ja vioolata on?\" src=\"http:\/\/www.ekek.ee\/pildid\/laager2007\/juhan.jpg\" alt=\"No mis laager see ilma Juhani ja vioolata on?\" width=\"300\" height=\"400\" \/><\/p>\n<p>No mis laager see ilma Juhani ja vioolata on?<\/p>\n<p>&nbsp;<\/p>\n<p><img loading=\"lazy\" decoding=\"async\" title=\"Hea s\u00f5num tuleb rahva sekka\" src=\"http:\/\/www.ekek.ee\/pildid\/laager2007\/evangeelium.jpg\" alt=\"Hea s\u00f5num tuleb rahva sekka\" width=\"400\" height=\"300\" \/><\/p>\n<p>Hea s\u00f5num tuleb rahva sekka<\/p>\n","protected":false},"excerpt":{"rendered":"<p>&#8230; toimus juba tuttavas kohas Uulu kirikus 3.-5. augustil 2007. &nbsp; &#8220;Jeesus Kristuse veri&#8230;&#8221; Lisaks vaimutoidule on aga vaja ka ihutoitu. Niisiis k\u00e4ib siin k\u00f5va eneset\u00e4iendamine Kolm n\u00e4ljast musket\u00e4ri: &#8220;Halleluuja, s\u00fc\u00fca saab!&#8221; Vestlusringis Muusikud isekeskis: Kaija ja Juhan &nbsp; Blues Brothers Uulu moodi K\u00fclaline muistsest Jaapanist Wingeid meha P\u00e4rnu linnast P\u00e4rnakaid tuli veelgi juurde No &hellip; <a href=\"https:\/\/www.ekek.ee\/?page_id=284\" class=\"more-link\">Loe edasi<span class=\"screen-reader-text\"> &#8220;Suvelaager 2007&#8221;<\/span><\/a><\/p>\n","protected":false},"author":3,"featured_media":0,"parent":10,"menu_order":0,"comment_status":"closed","ping_status":"closed","template":"","meta":{"footnotes":""},"class_list":["post-284","page","type-page","status-publish","hentry"],"_links":{"self":[{"href":"https:\/\/www.ekek.ee\/index.php?rest_route=\/wp\/v2\/pages\/284","targetHints":{"allow":["GET"]}}],"collection":[{"href":"https:\/\/www.ekek.ee\/index.php?rest_route=\/wp\/v2\/pages"}],"about":[{"href":"https:\/\/www.ekek.ee\/index.php?rest_route=\/wp\/v2\/types\/page"}],"author":[{"embeddable":true,"href":"https:\/\/www.ekek.ee\/index.php?rest_route=\/wp\/v2\/users\/3"}],"replies":[{"embeddable":true,"href":"https:\/\/www.ekek.ee\/index.php?rest_route=%2Fwp%2Fv2%2Fcomments&post=284"}],"version-history":[{"count":3,"href":"https:\/\/www.ekek.ee\/index.php?rest_route=\/wp\/v2\/pages\/284\/revisions"}],"predecessor-version":[{"id":895,"href":"https:\/\/www.ekek.ee\/index.php?rest_route=\/wp\/v2\/pages\/284\/revisions\/895"}],"up":[{"embeddable":true,"href":"https:\/\/www.ekek.ee\/index.php?rest_route=\/wp\/v2\/pages\/10"}],"wp:attachment":[{"href":"https:\/\/www.ekek.ee\/index.php?rest_route=%2Fwp%2Fv2%2Fmedia&parent=284"}],"curies":[{"name":"wp","href":"https:\/\/api.w.org\/{rel}","templated":true}]}}