{"id":20,"date":"2006-01-18T19:36:40","date_gmt":"2006-01-18T17:36:40","guid":{"rendered":"http:\/\/www.ekek.ee\/?page_id=20"},"modified":"2012-07-18T22:10:25","modified_gmt":"2012-07-18T19:10:25","slug":"suvelaager-2005","status":"publish","type":"page","link":"https:\/\/www.ekek.ee\/?page_id=20","title":{"rendered":"Suvelaager 2005"},"content":{"rendered":"<p>Laager toimus juba traditsioonil\u00f5hnaliselt Uulu kirikus, mis n\u00f5ukogude ajal oli spordisaal ja kuigi n\u00fc\u00fcd taas kirikuna teenib, on seal ikka veel korvilauad ja redelid saaliseinas ning puhkeonnid \u00fcmberringi. Oma kogudustki pole ja seet\u00f5ttu k\u00e4ivad seal erinevad kristlikud seltsingud laagerdamas.<\/p>\n<p>&nbsp;<\/p>\n<p><img decoding=\"async\" src=\"http:\/\/www.ekek.ee\/pildid\/laager2005\/kantor.jpg\" alt=\"Kantori-isand\" \/><\/p>\n<p>Meie v\u00e4gevah\u00e4\u00e4lne kantor Riho<\/p>\n<p><img decoding=\"async\" src=\"http:\/\/www.ekek.ee\/pildid\/laager2005\/karumamma.jpg\" alt=\"vanem \u00f5de Virge Karu\" \/><\/p>\n<p>Vanem \u00f5de Virge Karu loeb Piiblit<br \/>\n(noorem vend Unine M\u00e4ger ei ole pildile j\u00e4\u00e4nud)<\/p>\n<p><img decoding=\"async\" src=\"http:\/\/www.ekek.ee\/pildid\/laager2005\/laagriband.jpg\" alt=\"Laagrib\u00e4nd\" \/><\/p>\n<p>Muusikat tehti k\u00f5vasti (ja enamasti \u00f5nneks mitte valesti),<br \/>\nlaagri improviseeritud b\u00e4nd oli p\u00e4ris tihti ametis<\/p>\n<p><img decoding=\"async\" src=\"http:\/\/www.ekek.ee\/pildid\/laager2005\/vendjanek.jpg\" alt=\"Meile on see  p\u00e4ev n\u00fc\u00fcd ilmund...\" \/><\/p>\n<p>&#8220;Meile on see p\u00e4ev n\u00fc\u00fcd ilmund&#8221; &#8211; vana hea eesti koraal,<br \/>\nsel korral Janeki ja Kaku poolt kergelt pungilikku<br \/>\nv\u00f5tmesse keeratuna<\/p>\n<p><img decoding=\"async\" src=\"http:\/\/www.ekek.ee\/pildid\/laager2005\/trummid.jpg\" alt=\"Trummiworkshop\" \/><\/p>\n<p>Muusikat tehti ka asjade pihta l\u00fc\u00fces &#8211; \u00fcheks efektsemaks<br \/>\ns\u00fcndmuseks oli paaritunnine trummi-t\u00f6\u00f6tuba \u00fcmber laagril\u00f5kke.<br \/>\nK\u00f5ik soovijad said algteadmised djembe vmm k\u00e4sitrummi<br \/>\nm\u00e4ngimisest<\/p>\n<p><img decoding=\"async\" src=\"http:\/\/www.ekek.ee\/pildid\/laager2005\/anne.jpg\" alt=\"Anne\" \/><\/p>\n<p>Trummiasjanduse tark \u00f5petaja Anne<\/p>\n<p><img decoding=\"async\" src=\"http:\/\/www.ekek.ee\/pildid\/laager2005\/laagriloke.jpg\" alt=\"Laagril\u00f5ke\" \/><\/p>\n<p>Laagril\u00f5ke, mille \u00fcmber kogu suguharu trummi l\u00f5i<br \/>\n(s\u00f5jakisa ja -maalingud j\u00e4id seekord \u00e4ra)<\/p>\n<p><img decoding=\"async\" src=\"http:\/\/www.ekek.ee\/pildid\/laager2005\/laagriturvad.jpg\" alt=\"Turvad treenivad\" \/><\/p>\n<p>Laagri turvateenistus harjutamas,<br \/>\nehk &#8220;\u00d5ndsam on anda kui v\u00f5tta!&#8221;<\/p>\n<p><img decoding=\"async\" src=\"http:\/\/www.ekek.ee\/pildid\/laager2005\/pallkorvis.jpg\" alt=\"Pall korvis. P\u00fcsivalt\" \/><\/p>\n<p>&#8220;Vend Marek on meie seast k\u00f5ige pikem &#8211; las<br \/>\ntema \u00fctleb, kuidas pall sealt \u00fclevalt k\u00e4tte saada&#8230;&#8221;<\/p>\n<p><img decoding=\"async\" src=\"http:\/\/www.ekek.ee\/pildid\/laager2005\/naljasedvennad.jpg\" alt=\"N\u00e4ljased vennad\" \/><\/p>\n<p><em>Action<\/em> teeb n\u00e4ljaseks!<\/p>\n<p><img decoding=\"async\" src=\"http:\/\/www.ekek.ee\/pildid\/laager2005\/nammnamm.jpg\" alt=\"Makaronid ruulivad\" \/><\/p>\n<p>&#8230; ja makaronid ruulivad!<\/p>\n<p><img decoding=\"async\" src=\"http:\/\/www.ekek.ee\/pildid\/laager2005\/toimkond.jpg\" alt=\"K\u00f6\u00f6gitoimkond\" \/><\/p>\n<p>Aga keegi pidi ju selle s\u00f6\u00f6gi ka valmis tegema&#8230; Birgitta ja \u00dclle<br \/>\ntoimkonnas<\/p>\n<p><img decoding=\"async\" src=\"http:\/\/www.ekek.ee\/pildid\/laager2005\/perenaine.jpg\" alt=\"Regyta, laagriperenaine\" \/><\/p>\n<p>Kogu toimetamist vedas laagriperenaine Regyta &#8211; suured<br \/>\nt\u00e4nud talle!<\/p>\n<p><img decoding=\"async\" src=\"http:\/\/www.ekek.ee\/pildid\/laager2005\/sela.jpg\" alt=\"Ansambel Sela\" \/><\/p>\n<p>K\u00fclalisigi k\u00e4is &#8211; siin laulab Eesti t\u00e4nap\u00e4evase gospeli \u00fcks<br \/>\npioneere, ansambel Sela&#8230;<\/p>\n<p><img decoding=\"async\" src=\"http:\/\/www.ekek.ee\/pildid\/laager2005\/soometants.jpg\" alt=\"\u00dclistustantsu esitavad soome noored\" \/><\/p>\n<p>&#8230; ja siin tantsivad soomlased. Tuleb v\u00e4lja, et ka kirikus<br \/>\ntantsitakse vahel&#8230;<\/p>\n<p><img decoding=\"async\" src=\"http:\/\/www.ekek.ee\/pildid\/laager2005\/musketarid.jpg\" alt=\"Kolm musket\u00e4ri\" \/><\/p>\n<p>Kolm musket\u00e4ri (jagagu ise \u00e4ra, kes Athos, Porthos v\u00f5i<br \/>\nAramis on)<\/p>\n<p><img decoding=\"async\" src=\"http:\/\/www.ekek.ee\/pildid\/laager2005\/tydruksinises.jpg\" alt=\"T\u00fcdruk sinises\" \/><\/p>\n<p>T\u00fcdruk sinises<\/p>\n<p><img decoding=\"async\" src=\"http:\/\/www.ekek.ee\/pildid\/laager2005\/lontkorv.jpg\" alt=\"Lontk\u00f5rv\" \/><\/p>\n<p>Lontk\u00f5rvadega laagriline<\/p>\n","protected":false},"excerpt":{"rendered":"<p>Laager toimus juba traditsioonil\u00f5hnaliselt Uulu kirikus, mis n\u00f5ukogude ajal oli spordisaal ja kuigi n\u00fc\u00fcd taas kirikuna teenib, on seal ikka veel korvilauad ja redelid saaliseinas ning puhkeonnid \u00fcmberringi. Oma kogudustki pole ja seet\u00f5ttu k\u00e4ivad seal erinevad kristlikud seltsingud laagerdamas. &nbsp; Meie v\u00e4gevah\u00e4\u00e4lne kantor Riho Vanem \u00f5de Virge Karu loeb Piiblit (noorem vend Unine M\u00e4ger ei &hellip; <a href=\"https:\/\/www.ekek.ee\/?page_id=20\" class=\"more-link\">Loe edasi<span class=\"screen-reader-text\"> &#8220;Suvelaager 2005&#8221;<\/span><\/a><\/p>\n","protected":false},"author":3,"featured_media":0,"parent":10,"menu_order":0,"comment_status":"closed","ping_status":"open","template":"","meta":{"footnotes":""},"class_list":["post-20","page","type-page","status-publish","hentry"],"_links":{"self":[{"href":"https:\/\/www.ekek.ee\/index.php?rest_route=\/wp\/v2\/pages\/20","targetHints":{"allow":["GET"]}}],"collection":[{"href":"https:\/\/www.ekek.ee\/index.php?rest_route=\/wp\/v2\/pages"}],"about":[{"href":"https:\/\/www.ekek.ee\/index.php?rest_route=\/wp\/v2\/types\/page"}],"author":[{"embeddable":true,"href":"https:\/\/www.ekek.ee\/index.php?rest_route=\/wp\/v2\/users\/3"}],"replies":[{"embeddable":true,"href":"https:\/\/www.ekek.ee\/index.php?rest_route=%2Fwp%2Fv2%2Fcomments&post=20"}],"version-history":[{"count":1,"href":"https:\/\/www.ekek.ee\/index.php?rest_route=\/wp\/v2\/pages\/20\/revisions"}],"predecessor-version":[{"id":834,"href":"https:\/\/www.ekek.ee\/index.php?rest_route=\/wp\/v2\/pages\/20\/revisions\/834"}],"up":[{"embeddable":true,"href":"https:\/\/www.ekek.ee\/index.php?rest_route=\/wp\/v2\/pages\/10"}],"wp:attachment":[{"href":"https:\/\/www.ekek.ee\/index.php?rest_route=%2Fwp%2Fv2%2Fmedia&parent=20"}],"curies":[{"name":"wp","href":"https:\/\/api.w.org\/{rel}","templated":true}]}}