{"id":164,"date":"2006-07-17T16:37:56","date_gmt":"2006-07-17T14:37:56","guid":{"rendered":"http:\/\/www.ekek.ee\/?page_id=164"},"modified":"2012-07-18T22:08:47","modified_gmt":"2012-07-18T19:08:47","slug":"suvelaager-2006","status":"publish","type":"page","link":"https:\/\/www.ekek.ee\/?page_id=164","title":{"rendered":"Suvelaager 2006"},"content":{"rendered":"<p>J\u00e4lle kord Uulu kirikus. Toredaid hetki jagus igale maitsele.<\/p>\n<p><img decoding=\"async\" src=\"http:\/\/www.ekek.ee\/pildid\/laager2006\/kallikalli.jpg\" alt=\"R\u00f5\u00f5mus j\u00e4llen\u00e4gemine\" \/><br \/>\nKalli-kalli! Tore j\u00e4lle n\u00e4ha!<\/p>\n<p><img decoding=\"async\" src=\"http:\/\/www.ekek.ee\/pildid\/laager2006\/palves.jpg\" alt=\"Palves\" \/><br \/>\nPalves enne missat<\/p>\n<p><img decoding=\"async\" src=\"http:\/\/www.ekek.ee\/pildid\/laager2006\/moosekandid.jpg\" alt=\"Moosekandid\" \/><br \/>\nKakk ja Janek, p\u00f5hilised l\u00e4rmiallikad<\/p>\n<p><img decoding=\"async\" src=\"http:\/\/www.ekek.ee\/pildid\/laager2006\/juhan.jpg\" alt=\"Juhan Palm-Peipman\" \/><br \/>\nVend Juhan ja tema lahutamatu vioola<\/p>\n<p><img decoding=\"async\" src=\"http:\/\/www.ekek.ee\/pildid\/laager2006\/tadilisette.jpg\" alt=\"T\u00e4di Lisette\" \/><br \/>\nT\u00e4di Lisette, tubli lapsehoidja<\/p>\n<p><img decoding=\"async\" src=\"http:\/\/www.ekek.ee\/pildid\/laager2006\/kottt.jpg\" alt=\"K\u00f5tt!\" \/><br \/>\nK\u00f5tt, va paparatso!<\/p>\n<p><img decoding=\"async\" src=\"http:\/\/www.ekek.ee\/pildid\/laager2006\/vingeaparaat.jpg\" alt=\"Ossa, kui vinge aparaat!\" \/><br \/>\nOi, kui vinge aparaat! T\u00e4di, n\u00e4ita mulle ka!<\/p>\n<p>&nbsp;<\/p>\n<p><img decoding=\"async\" src=\"http:\/\/www.ekek.ee\/pildid\/laager2006\/habe2.jpg\" alt=\"Habemega mehed 2\" \/><br \/>\nHabemega mehed on populaarsed<\/p>\n<p><img decoding=\"async\" src=\"http:\/\/www.ekek.ee\/pildid\/laager2006\/kaikaga.jpg\" alt=\"vend Vops\" \/><br \/>\nVend Vops Sherwoodist, ehk &#8220;mis kinni ei j\u00e4\u00e4, saab kinni l\u00f6\u00f6dud&#8221;<\/p>\n<p><img decoding=\"async\" src=\"http:\/\/www.ekek.ee\/pildid\/laager2006\/preilnadjasnickers.jpg\" alt=\"Kenad preilnad\" \/><br \/>\nKenad preilnad ja Snickers<\/p>\n<p><img decoding=\"async\" src=\"http:\/\/www.ekek.ee\/pildid\/laager2006\/sobrannad.jpg\" alt=\"S\u00f5brantsid\" \/><br \/>\nS\u00f5brantsid &#8211; Kaija ja tema k\u00e4rtspunane muhkvolkar<\/p>\n<p><img decoding=\"async\" src=\"http:\/\/www.ekek.ee\/pildid\/laager2006\/pakapikud.jpg\" alt=\"Valge Vene\" \/><br \/>\nLaulvad p\u00e4kapikud &#8211; tegelikult hoopis ansambel &#8220;Valge Vene&#8221;.<br \/>\nV\u00e4ga vingelt laulsid igatahes<\/p>\n","protected":false},"excerpt":{"rendered":"<p>J\u00e4lle kord Uulu kirikus. Toredaid hetki jagus igale maitsele. Kalli-kalli! Tore j\u00e4lle n\u00e4ha! Palves enne missat Kakk ja Janek, p\u00f5hilised l\u00e4rmiallikad Vend Juhan ja tema lahutamatu vioola T\u00e4di Lisette, tubli lapsehoidja K\u00f5tt, va paparatso! Oi, kui vinge aparaat! T\u00e4di, n\u00e4ita mulle ka! &nbsp; Habemega mehed on populaarsed Vend Vops Sherwoodist, ehk &#8220;mis kinni ei j\u00e4\u00e4, &hellip; <a href=\"https:\/\/www.ekek.ee\/?page_id=164\" class=\"more-link\">Loe edasi<span class=\"screen-reader-text\"> &#8220;Suvelaager 2006&#8221;<\/span><\/a><\/p>\n","protected":false},"author":3,"featured_media":0,"parent":10,"menu_order":0,"comment_status":"closed","ping_status":"open","template":"","meta":{"footnotes":""},"class_list":["post-164","page","type-page","status-publish","hentry"],"_links":{"self":[{"href":"https:\/\/www.ekek.ee\/index.php?rest_route=\/wp\/v2\/pages\/164","targetHints":{"allow":["GET"]}}],"collection":[{"href":"https:\/\/www.ekek.ee\/index.php?rest_route=\/wp\/v2\/pages"}],"about":[{"href":"https:\/\/www.ekek.ee\/index.php?rest_route=\/wp\/v2\/types\/page"}],"author":[{"embeddable":true,"href":"https:\/\/www.ekek.ee\/index.php?rest_route=\/wp\/v2\/users\/3"}],"replies":[{"embeddable":true,"href":"https:\/\/www.ekek.ee\/index.php?rest_route=%2Fwp%2Fv2%2Fcomments&post=164"}],"version-history":[{"count":2,"href":"https:\/\/www.ekek.ee\/index.php?rest_route=\/wp\/v2\/pages\/164\/revisions"}],"predecessor-version":[{"id":832,"href":"https:\/\/www.ekek.ee\/index.php?rest_route=\/wp\/v2\/pages\/164\/revisions\/832"}],"up":[{"embeddable":true,"href":"https:\/\/www.ekek.ee\/index.php?rest_route=\/wp\/v2\/pages\/10"}],"wp:attachment":[{"href":"https:\/\/www.ekek.ee\/index.php?rest_route=%2Fwp%2Fv2%2Fmedia&parent=164"}],"curies":[{"name":"wp","href":"https:\/\/api.w.org\/{rel}","templated":true}]}}