{"id":1224,"date":"2016-06-11T18:56:17","date_gmt":"2016-06-11T15:56:17","guid":{"rendered":"http:\/\/www.ekek.ee\/?page_id=1224"},"modified":"2016-06-11T19:10:48","modified_gmt":"2016-06-11T16:10:48","slug":"palverannaku-pildid-2016","status":"publish","type":"page","link":"https:\/\/www.ekek.ee\/?page_id=1224","title":{"rendered":"Palver\u00e4nnak 2016"},"content":{"rendered":"<p>M\u00f5ned Kaku tehtud fotod kahest k\u00fclastatud kirikust (ja paar t\u00fckki ka r\u00e4nduritest).<\/p>\n<p><img decoding=\"async\" src=\"http:\/\/www.ekek.ee\/pildid\/palverannak2016\/p1.jpg\" \/><\/p>\n<p><img decoding=\"async\" src=\"http:\/\/www.ekek.ee\/pildid\/palverannak2016\/p2.jpg\" \/><\/p>\n<p><img decoding=\"async\" src=\"http:\/\/www.ekek.ee\/pildid\/palverannak2016\/p3.jpg\" \/><\/p>\n<p><img decoding=\"async\" src=\"http:\/\/www.ekek.ee\/pildid\/palverannak2016\/p4.jpg\" \/><\/p>\n<p><img decoding=\"async\" src=\"http:\/\/www.ekek.ee\/pildid\/palverannak2016\/p5.jpg\" \/><\/p>\n<p><img decoding=\"async\" src=\"http:\/\/www.ekek.ee\/pildid\/palverannak2016\/p6.jpg\" \/><\/p>\n<p><img decoding=\"async\" src=\"http:\/\/www.ekek.ee\/pildid\/palverannak2016\/p7.jpg\" \/><\/p>\n<p><img decoding=\"async\" src=\"http:\/\/www.ekek.ee\/pildid\/palverannak2016\/p8.jpg\" \/><\/p>\n<p><img decoding=\"async\" src=\"http:\/\/www.ekek.ee\/pildid\/palverannak2016\/p9.jpg\" \/><\/p>\n<p><img decoding=\"async\" src=\"http:\/\/www.ekek.ee\/pildid\/palverannak2016\/p10.jpg\" \/><\/p>\n<p><img decoding=\"async\" src=\"http:\/\/www.ekek.ee\/pildid\/palverannak2016\/p11.jpg\" \/><\/p>\n<p><img decoding=\"async\" src=\"http:\/\/www.ekek.ee\/pildid\/palverannak2016\/p12.jpg\" \/><\/p>\n<p><img decoding=\"async\" src=\"http:\/\/www.ekek.ee\/pildid\/palverannak2016\/p13.jpg\" \/><\/p>\n<p><img decoding=\"async\" src=\"http:\/\/www.ekek.ee\/pildid\/palverannak2016\/p14.jpg\" \/><\/p>\n<p><img decoding=\"async\" src=\"http:\/\/www.ekek.ee\/pildid\/palverannak2016\/p15.jpg\" \/><\/p>\n<p><img decoding=\"async\" src=\"http:\/\/www.ekek.ee\/pildid\/palverannak2016\/p16.jpg\" \/><\/p>\n<p><img decoding=\"async\" src=\"http:\/\/www.ekek.ee\/pildid\/palverannak2016\/p17.jpg\" \/><\/p>\n<p><img decoding=\"async\" src=\"http:\/\/www.ekek.ee\/pildid\/palverannak2016\/p18.jpg\" \/><\/p>\n<p><img decoding=\"async\" src=\"http:\/\/www.ekek.ee\/pildid\/palverannak2016\/p19.jpg\" \/><\/p>\n<p><img decoding=\"async\" src=\"http:\/\/www.ekek.ee\/pildid\/palverannak2016\/p20.jpg\" \/><\/p>\n<p><img decoding=\"async\" src=\"http:\/\/www.ekek.ee\/pildid\/palverannak2016\/p21.jpg\" \/><\/p>\n<p><img decoding=\"async\" src=\"http:\/\/www.ekek.ee\/pildid\/palverannak2016\/p22.jpg\" \/><\/p>\n","protected":false},"excerpt":{"rendered":"<p>M\u00f5ned Kaku tehtud fotod kahest k\u00fclastatud kirikust (ja paar t\u00fckki ka r\u00e4nduritest).<\/p>\n","protected":false},"author":9,"featured_media":0,"parent":10,"menu_order":0,"comment_status":"closed","ping_status":"closed","template":"","meta":{"footnotes":""},"class_list":["post-1224","page","type-page","status-publish","hentry"],"_links":{"self":[{"href":"https:\/\/www.ekek.ee\/index.php?rest_route=\/wp\/v2\/pages\/1224","targetHints":{"allow":["GET"]}}],"collection":[{"href":"https:\/\/www.ekek.ee\/index.php?rest_route=\/wp\/v2\/pages"}],"about":[{"href":"https:\/\/www.ekek.ee\/index.php?rest_route=\/wp\/v2\/types\/page"}],"author":[{"embeddable":true,"href":"https:\/\/www.ekek.ee\/index.php?rest_route=\/wp\/v2\/users\/9"}],"replies":[{"embeddable":true,"href":"https:\/\/www.ekek.ee\/index.php?rest_route=%2Fwp%2Fv2%2Fcomments&post=1224"}],"version-history":[{"count":5,"href":"https:\/\/www.ekek.ee\/index.php?rest_route=\/wp\/v2\/pages\/1224\/revisions"}],"predecessor-version":[{"id":1232,"href":"https:\/\/www.ekek.ee\/index.php?rest_route=\/wp\/v2\/pages\/1224\/revisions\/1232"}],"up":[{"embeddable":true,"href":"https:\/\/www.ekek.ee\/index.php?rest_route=\/wp\/v2\/pages\/10"}],"wp:attachment":[{"href":"https:\/\/www.ekek.ee\/index.php?rest_route=%2Fwp%2Fv2%2Fmedia&parent=1224"}],"curies":[{"name":"wp","href":"https:\/\/api.w.org\/{rel}","templated":true}]}}